{"id":4132,"date":"2016-12-15T01:47:46","date_gmt":"2016-12-15T01:47:46","guid":{"rendered":"http:\/\/montaguekobbe.com\/?page_id=4132&#038;lang=es"},"modified":"2016-12-20T01:04:49","modified_gmt":"2016-12-20T01:04:49","slug":"obra","status":"publish","type":"page","link":"https:\/\/montaguekobbe.com\/index.php\/obra\/?lang=es","title":{"rendered":"OBRA"},"content":{"rendered":"<p style=\"text-align: left;\"><span style=\"text-decoration: none;\"><span style=\"color: #ffffff;\"><strong><a href=\"\/?page_id=4139&amp;lang=es\/\">HISTORIAS DE CAMAS Y AEROPUERTOS<\/a><\/strong><\/span><\/span><\/p>\n<figure id=\"attachment_4135\" aria-describedby=\"caption-attachment-4135\" style=\"width: 216px\" class=\"wp-caption alignleft\"><a style=\"text-decoration: none;\" href=\"http:\/\/www.amazon.es\/Tales-Sheets-Departure-Lounges-Bruise\/dp\/1907133739\/\" target=\"_blank\"><img loading=\"lazy\" class=\"wp-image-4135\" src=\"http:\/\/montaguekobbe.com\/wp-content\/uploads\/2016\/02\/ALT-Tales-of-Bed-Sheets-and-Departures-Back-Cover-672x1024.jpg\" alt=\"\" width=\"216\" height=\"329\" srcset=\"https:\/\/montaguekobbe.com\/wp-content\/uploads\/2016\/02\/ALT-Tales-of-Bed-Sheets-and-Departures-Back-Cover-672x1024.jpg 672w, https:\/\/montaguekobbe.com\/wp-content\/uploads\/2016\/02\/ALT-Tales-of-Bed-Sheets-and-Departures-Back-Cover-197x300.jpg 197w, https:\/\/montaguekobbe.com\/wp-content\/uploads\/2016\/02\/ALT-Tales-of-Bed-Sheets-and-Departures-Back-Cover-600x915.jpg 600w, https:\/\/montaguekobbe.com\/wp-content\/uploads\/2016\/02\/ALT-Tales-of-Bed-Sheets-and-Departures-Back-Cover.jpg 909w\" sizes=\"(max-width: 216px) 100vw, 216px\" \/><figcaption id=\"caption-attachment-4135\" class=\"wp-caption-text\"><span style=\"color: #ffffff;\">Compra este libro en Amazon<\/a><\/span><\/figcaption><\/figure>\n<p>Cincuenta micro relatos que juntos\u00a0forman\u00a0un entramado\u00a0emocional compartido en el cual cada palabra hace alusi\u00f3n a un hecho significativo, bien\u00a0sea revel\u00e1ndolo, document\u00e1ndolo o inclusive, en ocasiones, camufl\u00e1ndolo. La colecci\u00f3n explota el potencial de temas populares como la lujuria y la aventura para dar vida a una serie\u00a0de narradores distintos que proponen perspectivas originales, contrastantes y a veces hasta contradictorias en torno a situaciones ordinarias, apelando en el proceso al morbo propio de la cultura occidental.\u00a0<em>Historias de camas y aeropuertos\u00a0<\/em>es un libro de relaciones humanas, de emociones y de la ausencia.<\/p>\n<p>&nbsp;<\/p>\n<p>&nbsp;<\/p>\n<p>&nbsp;<\/p>\n<p>&nbsp;<\/p>\n<p style=\"text-align: left;\"><span style=\"text-decoration: none;\"><span style=\"color: #ffffff;\"><strong><a href=\"\/?page_id=4350&amp;lang=es\">ON THE WAY BACK<\/a><\/strong><\/span><\/span><\/p>\n<figure id=\"attachment_3351\" aria-describedby=\"caption-attachment-3351\" style=\"width: 211px\" class=\"wp-caption alignleft\"><a style=\"text-decoration: none;\" href=\"https:\/\/www.amazon.es\/gp\/product\/1617754412?*Version*=1&amp;*entries*=0\" target=\"_blank\"><img loading=\"lazy\" class=\"wp-image-3351\" src=\"http:\/\/montaguekobbe.com\/wp-content\/uploads\/2015\/06\/OnTheWayBack-Cvr-Active2-663x1024.jpg\" alt=\"OnTheWayBack-Cvr-Active(2)\" width=\"211\" height=\"326\" srcset=\"https:\/\/montaguekobbe.com\/wp-content\/uploads\/2015\/06\/OnTheWayBack-Cvr-Active2-663x1024.jpg 663w, https:\/\/montaguekobbe.com\/wp-content\/uploads\/2015\/06\/OnTheWayBack-Cvr-Active2-194x300.jpg 194w, https:\/\/montaguekobbe.com\/wp-content\/uploads\/2015\/06\/OnTheWayBack-Cvr-Active2-600x927.jpg 600w, https:\/\/montaguekobbe.com\/wp-content\/uploads\/2015\/06\/OnTheWayBack-Cvr-Active2.jpg 825w\" sizes=\"(max-width: 211px) 100vw, 211px\" \/><figcaption id=\"caption-attachment-3351\" class=\"wp-caption-text\"><span style=\"color: #ffffff;\">Compra este libro en Amazon<\/a><\/span><\/figcaption><\/figure>\n<p class=\"p2\">Nathaniel Jones es un empresario\u00a0exitoso, entrado en una cierta edad, que disfruta de\u00a0sus dos semanas de vacaciones anuales\u00a0en la remota isla caribe\u00f1a de Anguilla. Durante su estad\u00eda, un encuentro fortuito con Sheila Rawlingson, una despampanante lugare\u00f1a, le da un vuelco inesperado a su vida. Tras un intenso y secreto noviazgo de cien d\u00edas, Nathaniel le propone matrimonio a Sheila, cuya decisi\u00f3n de tomar como esposo a aquel hombre, blanco y extranjero, desata\u00a0un torrente de indignaci\u00f3n en su familia y en el resto de la naci\u00f3n. Esta divertida trama\u00a0social gira en torno a la desafortunda empresa comercial con la que Nathaniel busca\u00a0comprar la aceptaci\u00f3n de los habitantes de la isla que \u00e9l pretende hacer su hogar.<\/p>\n<p>&nbsp;<\/p>\n<p>&nbsp;<\/p>\n<p>&nbsp;<\/p>\n<p>&nbsp;<\/p>\n<p style=\"text-align: left;\"><span style=\"color: #ffffff;\"><strong><a href=\"\/?page_id=4357&amp;lang=es\">THE NIGHT OF THE RAMBLER<\/a><\/strong><\/span><\/p>\n<figure id=\"attachment_42\" aria-describedby=\"caption-attachment-42\" style=\"width: 224px\" class=\"wp-caption alignleft\"><a style=\"text-decoration: none;\" href=\"https:\/\/www.amazon.es\/gp\/product\/1617751812\" target=\"_blank\"><img loading=\"lazy\" class=\"wp-image-42 size-medium\" src=\"http:\/\/montaguekobbe.com\/wp-content\/uploads\/2015\/06\/The-Night-of-the-Rambler-Montague-Kobbe-224x300.jpg\" alt=\"Anguilla novel revolution St Kitts Caribbean literature Venezuela Montague Kobbe\" width=\"224\" height=\"300\" srcset=\"https:\/\/montaguekobbe.com\/wp-content\/uploads\/2015\/06\/The-Night-of-the-Rambler-Montague-Kobbe-224x300.jpg 224w, https:\/\/montaguekobbe.com\/wp-content\/uploads\/2015\/06\/The-Night-of-the-Rambler-Montague-Kobbe-766x1024.jpg 766w, https:\/\/montaguekobbe.com\/wp-content\/uploads\/2015\/06\/The-Night-of-the-Rambler-Montague-Kobbe-600x802.jpg 600w, https:\/\/montaguekobbe.com\/wp-content\/uploads\/2015\/06\/The-Night-of-the-Rambler-Montague-Kobbe.jpg 1000w\" sizes=\"(max-width: 224px) 100vw, 224px\" \/><figcaption id=\"caption-attachment-42\" class=\"wp-caption-text\"><span style=\"color: #ffffff;\">Compra este libro en Amazon<\/a><\/span><\/figcaption><\/figure>\n<p>Basada en una interpretaci\u00f3n poco rigurosa de la revoluci\u00f3n que tuvo lugar en la isla de Anguilla en 1967, <em>The Night of the Rambler <\/em>discurre a lo largo de las\u00a0quince horas que separan\u00a0el momento en que los rebeldes abordan la lancha que los llevar\u00e1 a la vecina isla de San Cristobal y la llegada del nuevo d\u00ed\u00e1, cuando resulta evidente que la misi\u00f3n tendr\u00e1 que ser abortada sin cumplir su cometido.<em>\u00a0<\/em>La novela busca alejarse del discurso hist\u00f3rico, alterando deliberadamente<em>\u00a0<\/em>y sin reparo alguno la secuencia de los &#8220;hechos&#8221; narrados, combinando episodios plenamente ficticios con anecdotas vagamente documentadas y reemplazando a los protagonistas reales con personajes <i>imaginarios<\/i>.<\/p>\n","protected":false},"excerpt":{"rendered":"<p>HISTORIAS DE CAMAS Y AEROPUERTOS Cincuenta micro relatos que juntos\u00a0forman\u00a0un entramado\u00a0emocional compartido en el cual cada palabra hace alusi\u00f3n a un hecho significativo, bien\u00a0sea revel\u00e1ndolo, document\u00e1ndolo o inclusive, en ocasiones, camufl\u00e1ndolo. La colecci\u00f3n explota el potencial de temas populares como la lujuria y la aventura para dar vida a una serie\u00a0de narradores distintos que proponen <a href=\"https:\/\/montaguekobbe.com\/index.php\/obra\/?lang=es\" class=\"more-link\">[&hellip;]<\/a><\/p>\n","protected":false},"author":1,"featured_media":4946,"parent":0,"menu_order":0,"comment_status":"open","ping_status":"closed","template":"","meta":[],"_links":{"self":[{"href":"https:\/\/montaguekobbe.com\/index.php\/wp-json\/wp\/v2\/pages\/4132"}],"collection":[{"href":"https:\/\/montaguekobbe.com\/index.php\/wp-json\/wp\/v2\/pages"}],"about":[{"href":"https:\/\/montaguekobbe.com\/index.php\/wp-json\/wp\/v2\/types\/page"}],"author":[{"embeddable":true,"href":"https:\/\/montaguekobbe.com\/index.php\/wp-json\/wp\/v2\/users\/1"}],"replies":[{"embeddable":true,"href":"https:\/\/montaguekobbe.com\/index.php\/wp-json\/wp\/v2\/comments?post=4132"}],"version-history":[{"count":8,"href":"https:\/\/montaguekobbe.com\/index.php\/wp-json\/wp\/v2\/pages\/4132\/revisions"}],"predecessor-version":[{"id":5095,"href":"https:\/\/montaguekobbe.com\/index.php\/wp-json\/wp\/v2\/pages\/4132\/revisions\/5095"}],"wp:featuredmedia":[{"embeddable":true,"href":"https:\/\/montaguekobbe.com\/index.php\/wp-json\/wp\/v2\/media\/4946"}],"wp:attachment":[{"href":"https:\/\/montaguekobbe.com\/index.php\/wp-json\/wp\/v2\/media?parent=4132"}],"curies":[{"name":"wp","href":"https:\/\/api.w.org\/{rel}","templated":true}]}}