{"id":4139,"date":"2016-12-19T02:37:58","date_gmt":"2016-12-19T02:37:58","guid":{"rendered":"http:\/\/montaguekobbe.com\/?page_id=4139&#038;lang=es"},"modified":"2016-12-19T02:39:35","modified_gmt":"2016-12-19T02:39:35","slug":"historias-de-camas-y-aeropuertos","status":"publish","type":"page","link":"https:\/\/montaguekobbe.com\/index.php\/obra\/historias-de-camas-y-aeropuertos\/?lang=es","title":{"rendered":"HISTORIAS DE CAMAS Y AEROPUERTOS"},"content":{"rendered":"<p>Cincuenta micro relatos que juntos\u00a0forman\u00a0un entramado\u00a0emocional compartido en el cual cada palabra hace alusi\u00f3n a un hecho significativo, bien\u00a0sea revel\u00e1ndolo, document\u00e1ndolo o, en ocasiones, camufl\u00e1ndolo. La colecci\u00f3n explota el potencial de temas populares como la lujuria y la aventura para dar vida a una serie\u00a0de narradores distintos que proponen perspectivas originales, contrastantes y a veces hasta contradictorias en torno a situaciones ordinarias, apelando en el proceso al morbo propio de la cultura occidental.\u00a0<em>Historias de camas y aeropuertos\u00a0<\/em>es un libro de relaciones humanas, de emociones y de la ausencia.<\/p>\n<p>Dadas las caracter\u00edsticas del formato, la colecci\u00f3n se ve marcada por un juego en el que la realidad se devela y se esconde constantemente con sutiles gestos que a menudo apuntan hacia contextos literarios. De esta manera se enfatiza la importancia no tan solo de cada palabra escrita sino inclusive de lo que se ha dejado de decir.<\/p>\n<figure id=\"attachment_2052\" aria-describedby=\"caption-attachment-2052\" style=\"width: 500px\" class=\"wp-caption aligncenter\"><a style=\"text-decoration: none;\" href=\"http:\/\/www.amazon.es\/Tales-Sheets-Departure-Lounges-Bruise\/dp\/1907133739\/ref=asap_bc?ie=UTF8\" target=\"_blank\"><img loading=\"lazy\" class=\"wp-image-2052 size-post-thumbnail\" src=\"http:\/\/montaguekobbe.com\/wp-content\/uploads\/2015\/06\/ALT-Tales-of-Bed-Sheets-and-Departures-Wraparound-600x440.jpg\" alt=\"Tales of Bed Sheets and Departures Wraparound\" width=\"500\" height=\"367\" srcset=\"https:\/\/montaguekobbe.com\/wp-content\/uploads\/2015\/06\/ALT-Tales-of-Bed-Sheets-and-Departures-Wraparound-600x440.jpg 600w, https:\/\/montaguekobbe.com\/wp-content\/uploads\/2015\/06\/ALT-Tales-of-Bed-Sheets-and-Departures-Wraparound-300x220.jpg 300w, https:\/\/montaguekobbe.com\/wp-content\/uploads\/2015\/06\/ALT-Tales-of-Bed-Sheets-and-Departures-Wraparound-1024x751.jpg 1024w, https:\/\/montaguekobbe.com\/wp-content\/uploads\/2015\/06\/ALT-Tales-of-Bed-Sheets-and-Departures-Wraparound-1200x880.jpg 1200w, https:\/\/montaguekobbe.com\/wp-content\/uploads\/2015\/06\/ALT-Tales-of-Bed-Sheets-and-Departures-Wraparound.jpg 1600w\" sizes=\"(max-width: 500px) 100vw, 500px\" \/><figcaption id=\"caption-attachment-2052\" class=\"wp-caption-text\"><span style=\"color: #ffffff;\">Compra este libro de Amazon<\/a><\/span><\/figcaption><\/figure>\n<p>En t\u00e9rminos estructurales la extensi\u00f3n de los relatos abarca desde una l\u00ednea hasta dos cuartillas. Siguiendo un orden tem\u00e1tico m\u00e1s o menos riguroso la colecci\u00f3n busca evocar un sentimiento, m\u00e1s que conferir un mensaje espec\u00edfico. As\u00ed, pues, la evoluci\u00f3n de la propuesta supone una progresi\u00f3n sentimental que lleva al lector del amor al p\u00e1nico, el deseo, la confusi\u00f3n o el odio, a trav\u00e9s de narradores que, a pesar de sus artima\u00f1as gramaticales, siguen suscitando empat\u00eda.<\/p>\n<p>Al mismo tiempo, la distribuci\u00f3n de cada uno de los textos obedece al idioma en el cual ha sido concebido originalmente, seguido por su traducci\u00f3n respectiva. Esto crea un efecto sim\u00e9trico en las p\u00e1ginas que a la vez se ve distorsionado por las caracter\u00edsticas propias de cada lengua\u00a0\u2014caracter\u00edsticas, por lo dem\u00e1s, que forman parte central de la preocupaci\u00f3n que genera y motiva\u00a0<em>Historias de camas y aeropuertos<\/em>.<\/p>\n<p>&nbsp;<\/p>\n<p>&nbsp;<\/p>\n<p>&nbsp;<\/p>\n<p>\u00bfTe da curiosidad? A trav\u00e9s de los siguientes enlaces puedes acceder material adicional en el\u00a0<a href=\"\/?page_id=4157&amp;lang=es\">LADO B<\/a>,\u00a0explorar algunos textos en la <a href=\"\/?page_id=4166&amp;lang=es\">PISTA<\/a>, o echarle un vistazo a las <a href=\"\/?page_id=4161&amp;lang=es\">PORTADAS<\/a> preliminares del libro.<\/p>\n","protected":false},"excerpt":{"rendered":"<p>Cincuenta micro relatos que juntos\u00a0forman\u00a0un entramado\u00a0emocional compartido en el cual cada palabra hace alusi\u00f3n a un hecho significativo, bien\u00a0sea revel\u00e1ndolo, document\u00e1ndolo o, en ocasiones, camufl\u00e1ndolo. La colecci\u00f3n explota el potencial de temas populares como la lujuria y la aventura para dar vida a una serie\u00a0de narradores distintos que proponen perspectivas originales, contrastantes y a veces <a href=\"https:\/\/montaguekobbe.com\/index.php\/obra\/historias-de-camas-y-aeropuertos\/?lang=es\" class=\"more-link\">[&hellip;]<\/a><\/p>\n","protected":false},"author":1,"featured_media":3151,"parent":4132,"menu_order":1,"comment_status":"open","ping_status":"closed","template":"","meta":[],"_links":{"self":[{"href":"https:\/\/montaguekobbe.com\/index.php\/wp-json\/wp\/v2\/pages\/4139"}],"collection":[{"href":"https:\/\/montaguekobbe.com\/index.php\/wp-json\/wp\/v2\/pages"}],"about":[{"href":"https:\/\/montaguekobbe.com\/index.php\/wp-json\/wp\/v2\/types\/page"}],"author":[{"embeddable":true,"href":"https:\/\/montaguekobbe.com\/index.php\/wp-json\/wp\/v2\/users\/1"}],"replies":[{"embeddable":true,"href":"https:\/\/montaguekobbe.com\/index.php\/wp-json\/wp\/v2\/comments?post=4139"}],"version-history":[{"count":10,"href":"https:\/\/montaguekobbe.com\/index.php\/wp-json\/wp\/v2\/pages\/4139\/revisions"}],"predecessor-version":[{"id":5061,"href":"https:\/\/montaguekobbe.com\/index.php\/wp-json\/wp\/v2\/pages\/4139\/revisions\/5061"}],"up":[{"embeddable":true,"href":"https:\/\/montaguekobbe.com\/index.php\/wp-json\/wp\/v2\/pages\/4132"}],"wp:featuredmedia":[{"embeddable":true,"href":"https:\/\/montaguekobbe.com\/index.php\/wp-json\/wp\/v2\/media\/3151"}],"wp:attachment":[{"href":"https:\/\/montaguekobbe.com\/index.php\/wp-json\/wp\/v2\/media?parent=4139"}],"curies":[{"name":"wp","href":"https:\/\/api.w.org\/{rel}","templated":true}]}}