{"id":4157,"date":"2016-12-19T02:42:55","date_gmt":"2016-12-19T02:42:55","guid":{"rendered":"http:\/\/montaguekobbe.com\/?page_id=4157&#038;lang=es"},"modified":"2016-12-19T03:00:45","modified_gmt":"2016-12-19T03:00:45","slug":"lado-b","status":"publish","type":"page","link":"https:\/\/montaguekobbe.com\/index.php\/obra\/historias-de-camas-y-aeropuertos\/lado-b\/?lang=es","title":{"rendered":"LADO B"},"content":{"rendered":"<p>El g\u00e9nero del relato hiper breve\u00a0ha sido objeto de mi inter\u00e9s por largos a\u00f1os. Corto, conciso, de\u00edctico, el micro cuento\u00a0es el equivalente literario a un gesto f\u00edsico &#8211;un dedo \u00edndice apuntando hacia un incidente aislado en medio de la oscuridad que obliga al lector a crear alg\u00fan tipo de contexto, sea cu\u00e1l sea.<\/p>\n<p>De las historias incluidas en\u00a0<em>Camas y aeropuertos<\/em>\u00a0las m\u00e1s antiguas fueron escritas en\u00a02005, aunque la colecci\u00f3n no empez\u00f3 a tomar forma en realidad sino hasta tres o cuatro a\u00f1os m\u00e1s tarde. Uno de los primeros relatos en ver la luz del d\u00eda fue\u00a0&#8220;<a href=\"https:\/\/memofromlalaland.wordpress.com\/2009\/12\/26\/un-amor-perfecto\/\" target=\"_blank\">Un amor perfecto<\/a>&#8220;, el cual fue publicado por <a href=\"http:\/\/www.letralia.com\/224\/letras12.htm\" target=\"_blank\">Letralia<\/a>\u00a0en 2009.<\/p>\n<p>Muchos otros\u00a0cuentos han sido excluidos de la colecci\u00f3n, aunque algunos han hallado un hogar en otros medios. Uno de ellos, por ejemplo, apareci\u00f3\u00a0tambi\u00e9n en 2009 en\u00a0el proyecto &#8220;<a href=\"https:\/\/memofromlalaland.wordpress.com\/2009\/07\/04\/54-semanas\/\" target=\"_blank\">54 semanas<\/a>&#8221; del fot\u00f3grafo peruano Eric Molgora. Otro, &#8220;<a href=\"https:\/\/memofromlalaland.wordpress.com\/2011\/08\/02\/cold-war\/\" target=\"_blank\">Cold War<\/a>&#8221; fue incluido un par de a\u00f1os m\u00e1s tarde en la secci\u00f3n de lecturas de verano del peri\u00f3dico de Sint Maarten\u00a0<em>The Daily Herald.\u00a0<\/em>M\u00e1s recientemente\u00a0<a href=\"http:\/\/www.akashicbooks.com\/knock-yourself-out-by-montague-kobbe\/\" target=\"_blank\">Akashic<\/a>\u00a0public\u00f3 un recuento histri\u00f3nico de h\u00e1bitos rocambolescos titulado &#8220;<a href=\"https:\/\/memofromlalaland.wordpress.com\/2014\/09\/22\/knock-yourself-out\/\" target=\"_blank\">Knock Yourself Out<\/a>&#8221; y posteriormente me encargaron un breve cuento\u00a0para publicitar su nueva serie de micro relatos caribe\u00f1os, <em>Duppy Thursday<\/em>. El resultado fue &#8220;<a href=\"https:\/\/memofromlalaland.wordpress.com\/2015\/09\/29\/el-silbon\/\" target=\"_blank\">El Silb\u00f3n<\/a>&#8220;.<\/p>\n<p>He aqu\u00ed algunos de los descartes y material adicional que no lleg\u00f3 a entrar en\u00a0<em>Historias de camas y aeropuertos<\/em>:<\/p>\n<ul>\n<li><a href=\"\/?page_id=4418&amp;lang=es\">TEMA 1<\/a>, \u201cLa fugitiva\u201d<\/li>\n<li><a href=\"\/?page_id=4379&amp;lang=es\">TEMA 2<\/a>, \u201cEl beso\u201d<\/li>\n<li><a href=\"\/?page_id=4409&amp;lang=es\">TEMA 3<\/a>, \u201cRespiraci\u00f3n\u201d<\/li>\n<li><a href=\"\/?page_id=4414&amp;lang=es\">TEMA 4<\/a>, \u201cL\u2019Esperance\u201d<\/li>\n<\/ul>\n<p>&nbsp;<\/p>\n<p>&nbsp;<\/p>\n<p>&nbsp;<\/p>\n<p>\u00bfQuieres m\u00e1s? Puedes\u00a0acceder algunos textos en la <a href=\"\/?page_id=4166&amp;lang=es\">PISTA<\/a>,\u00a0o\u00a0explorar algunas de las <a href=\"\/?page_id=4161&amp;lang=es\">PORTADAS<\/a> preliminares del libro.<\/p>\n","protected":false},"excerpt":{"rendered":"<p>El g\u00e9nero del relato hiper breve\u00a0ha sido objeto de mi inter\u00e9s por largos a\u00f1os. Corto, conciso, de\u00edctico, el micro cuento\u00a0es el equivalente literario a un gesto f\u00edsico &#8211;un dedo \u00edndice apuntando hacia un incidente aislado en medio de la oscuridad que obliga al lector a crear alg\u00fan tipo de contexto, sea cu\u00e1l sea. De las <a href=\"https:\/\/montaguekobbe.com\/index.php\/obra\/historias-de-camas-y-aeropuertos\/lado-b\/?lang=es\" class=\"more-link\">[&hellip;]<\/a><\/p>\n","protected":false},"author":1,"featured_media":4174,"parent":4139,"menu_order":1,"comment_status":"open","ping_status":"closed","template":"","meta":[],"_links":{"self":[{"href":"https:\/\/montaguekobbe.com\/index.php\/wp-json\/wp\/v2\/pages\/4157"}],"collection":[{"href":"https:\/\/montaguekobbe.com\/index.php\/wp-json\/wp\/v2\/pages"}],"about":[{"href":"https:\/\/montaguekobbe.com\/index.php\/wp-json\/wp\/v2\/types\/page"}],"author":[{"embeddable":true,"href":"https:\/\/montaguekobbe.com\/index.php\/wp-json\/wp\/v2\/users\/1"}],"replies":[{"embeddable":true,"href":"https:\/\/montaguekobbe.com\/index.php\/wp-json\/wp\/v2\/comments?post=4157"}],"version-history":[{"count":9,"href":"https:\/\/montaguekobbe.com\/index.php\/wp-json\/wp\/v2\/pages\/4157\/revisions"}],"predecessor-version":[{"id":5065,"href":"https:\/\/montaguekobbe.com\/index.php\/wp-json\/wp\/v2\/pages\/4157\/revisions\/5065"}],"up":[{"embeddable":true,"href":"https:\/\/montaguekobbe.com\/index.php\/wp-json\/wp\/v2\/pages\/4139"}],"wp:featuredmedia":[{"embeddable":true,"href":"https:\/\/montaguekobbe.com\/index.php\/wp-json\/wp\/v2\/media\/4174"}],"wp:attachment":[{"href":"https:\/\/montaguekobbe.com\/index.php\/wp-json\/wp\/v2\/media?parent=4157"}],"curies":[{"name":"wp","href":"https:\/\/api.w.org\/{rel}","templated":true}]}}