{"id":4191,"date":"2016-12-19T23:58:08","date_gmt":"2016-12-19T23:58:08","guid":{"rendered":"http:\/\/montaguekobbe.com\/?page_id=4191&#038;lang=es"},"modified":"2018-08-03T19:20:15","modified_gmt":"2018-08-03T19:20:15","slug":"en-la-prensa","status":"publish","type":"page","link":"https:\/\/montaguekobbe.com\/index.php\/en-la-prensa\/?lang=es","title":{"rendered":"EN LA PRENSA"},"content":{"rendered":"<ul>\n<li><span style=\"text-decoration: underline;\">Junio 2018<\/span>: El n\u00famero 31 de la revista <a href=\"https:\/\/issuu.com\/firenzeurbanlifestyle\/docs\/ful31\/32\" target=\"_blank\"><em>Florence Urban Lifestyle<\/em><\/a> incluye un perfil de autor de media p\u00e1gina con una breve entrevista.<\/li>\n<\/ul>\n<ul>\n<li><span style=\"text-decoration: underline;\">Julio 2017<\/span>: El tercer n\u00famero de la revista <em>Latin American Literature Today <\/em>incluye una <a href=\"http:\/\/www.latinamericanliteraturetoday.org\/en\/2017\/july\/crude-words-contemporary-writing-venezuela-montague-kobb%C3%A9-katie-brown-and-tim-girven\" target=\"_blank\">rese\u00f1a positiva<\/a>\u00a0de Raquel Rivas Rojas de<a href=\"http:\/\/www.latinamericanliteraturetoday.org\/en\/2017\/july\/crude-words-contemporary-writing-venezuela-montague-kobb%C3%A9-katie-brown-and-tim-girven\" target=\"_blank\">\u00a0<\/a><em>Crude Words\u00a0<\/em>as\u00ed como tambi\u00e9n mi traducci\u00f3n al ingl\u00e9s del relato &#8220;<a href=\"http:\/\/www.latinamericanliteraturetoday.org\/en\/2017\/july\/one-many-potential-shortcuts-jm-soto\">Uno de muchos posibles atajos<\/a>&#8221; de Jes\u00fas Miguel Soto.<\/li>\n<\/ul>\n<ul>\n<li><span style=\"text-decoration: underline;\">Julio 2017<\/span>: Rese\u00f1a de Ozichi Emeziem de la adaptaci\u00f3n teatral de <em>Historias de camas y aeropuertos\u00a0<\/em>en la p\u00e1gina web\u00a0<em><a href=\"http:\/\/www.migrantvoice.org\/home\/migrationmatters\/the-play-that-breaks-down-180717104305\" target=\"_blank\">Migrant Voice<\/a><\/em>.<\/li>\n<\/ul>\n<ul>\n<li><span style=\"text-decoration: underline;\">Julio 2017<\/span>: El semanario\u00a0<em><a href=\"http:\/\/montaguekobbe.com\/wp-content\/uploads\/2017\/08\/Express-News-junio-5-12.pdf\" rel=\"\">ExpressNEWS<\/a><\/em>, \u00fanico peri\u00f3dico de habla hispana en Londres, publica una breve entrevista y rese\u00f1a de la adaptaci\u00f3n teatral de\u00a0<em>Historias de camas y aeropuertos<\/em>.\u00a0<em>\u00a0<\/em><\/li>\n<\/ul>\n<ul>\n<li><span style=\"text-decoration: underline;\">Abril 2017<\/span>: Adrian Nathan West hace una rese\u00f1a positiva de\u00a0<em>Crude Words e<\/em>n <em><a href=\"http:\/\/www.asymptotejournal.com\/criticism\/crude-words-contemporary-writing-from-venezuela\/\" target=\"_blank\">Asymptote<\/a>.<\/em><\/li>\n<\/ul>\n<ul>\n<li><span style=\"text-decoration: underline;\">Marzo 2017<\/span>: Art\u00edculo de tres p\u00e1ginas enfocado en <em>The Night of the Rambler<\/em>\u00a0y\u00a0<em>On the Way Back\u00a0<\/em>aparece en la revista\u00a0<em>Potent\u00a0<\/em>de Jamaica.<\/li>\n<\/ul>\n<ul>\n<li><span style=\"text-decoration: underline;\">Febrero\u00a02017<\/span>: Rese\u00f1a de\u00a0<em>Crude Words <\/em>en el\u00a0<em><a href=\"https:\/\/glasgowreviewofbooks.com\/2017\/02\/23\/crude-words-creating-an-anthology-of-contemporary-venezuelan-writing\/\" target=\"_blank\">Glasgow Review of Books<\/a><\/em>.<\/li>\n<\/ul>\n<ul>\n<li><span style=\"text-decoration: underline;\">Diciembre 2016<\/span>: Uno de los micro relatos incluidos en\u00a0<em>Historias de camas y aeropuertos,<\/em>\u00a0&#8220;El mendigo&#8221;, es publicado en el portal venezolano <em><a href=\"http:\/\/ficcionbreve.org\/el-mendigo-de-montague-kobbe\/\" target=\"_blank\">Ficci\u00f3n Breve<\/a><\/em>.<em>\u00a0<\/em><\/li>\n<\/ul>\n<ul>\n<li><span style=\"text-decoration: underline;\">Julio 2016<\/span>:\u00a0<em><a href=\"http:\/\/www.akashicbooks.com\/catalog\/on-the-way-back\/\" target=\"_blank\">On the Way Back<\/a>\u00a0<\/em>aparece entre las recomendaciones de Hal Peat de la revista de vuelo de Insel Air, <em><a href=\"https:\/\/issuu.com\/insightsinselair\/docs\/2\/32\" target=\"_blank\">Insights<\/a>\u00a0<\/em>(n\u00famero 30, julio\u2013septiembre)<em>.<\/em><\/li>\n<\/ul>\n<ul>\n<li><span style=\"text-decoration: underline;\">Febrero 2016<\/span>: La revista digital biling\u00fce\u00a0<em>ViceVersa<\/em>\u00a0publica cuatro de los micro relatos incluidos en <em>Historias de camas y aeropuertos,\u00a0<\/em>tanto en\u00a0<a href=\"http:\/\/www.viceversa-mag.com\/creative-writing-the-stranger\/\" target=\"_blank\">ingl\u00e9s<\/a>\u00a0como en\u00a0<a href=\"http:\/\/www.viceversa-mag.com\/the-stranger-2\/\" target=\"_blank\">castellano<\/a>.<\/li>\n<\/ul>\n<ul>\n<li><span style=\"text-decoration: underline;\">Enero 2016<\/span>: La revista\u00a0<em>Patina SXM <\/em>de\u00a0la isla de\u00a0San Mart\u00edn publica en su n\u00famero inicial una versi\u00f3n de larga extensi\u00f3n de doce de los cuentos de <em>Historias de camas y aeropuertos<\/em>.<\/li>\n<\/ul>\n<ul>\n<li><span style=\"text-decoration: underline;\">Julio 2015<\/span>: La revista de vuelo <em><a href=\"http:\/\/issuu.com\/insightsinselair\/docs\/ins26_totaal_flipbook_150dpi\/45\" target=\"_blank\">Insights<\/a>,\u00a0<\/em>de la aerol\u00ednea Insel Air, publica una rese\u00f1a de <em>Historias de camas y aeropuertos<\/em>\u00a0en el n\u00famero\u00a026.<em><br \/>\n<\/em><\/li>\n<\/ul>\n<ul>\n<li><span style=\"text-decoration: underline;\">Junio 2015<\/span>: El suplemento<em><a href=\"http:\/\/www.el-nacional.com\/papel_literario\/Minificcion-jueves-Montague-Kobbe_0_640136228.html\" target=\"_blank\">\u00a0Papel Literario<\/a><\/em>\u00a0del diario\u00a0<em>El Nacional\u00a0<\/em>de Venezuela publica nueve incisos de\u00a0<em>Historias de camas y aeropuertos<\/em>.<\/li>\n<\/ul>\n<ul>\n<li><span style=\"text-decoration: underline;\">Mayo 2015<\/span>: El diario de San Mart\u00edn\u00a0<em><a href=\"http:\/\/montaguekobbe.com\/wp-content\/uploads\/2015\/06\/Daily-Herald-Book-Launch.pdf\" target=\"_blank\">The Daily Herald<\/a>\u00a0<\/em>publica una rese\u00f1a de la presentaci\u00f3n de <em>Historias de camas y aeropuertos <\/em>en Anguilla.<em><br \/>\n<\/em><\/li>\n<\/ul>\n<ul>\n<li><span style=\"text-decoration: underline;\">Abril 2015<\/span>: El portal digital\u00a0<a href=\"http:\/\/repeatingislands.com\/2015\/04\/29\/tales-of-bed-sheets-kobbes-second-book-launches-in-the-caribbean\/\" target=\"_blank\">Repeating Islands<\/a>\u00a0publica una rese\u00f1a de la presentaci\u00f3n de\u00a0<em>Historias de camas y aeropuertos en Anguilla<\/em>.<\/li>\n<\/ul>\n<ul>\n<li><span style=\"text-decoration: underline;\">Abril 2015<\/span>:<em> The Night of the Rambler<\/em>\u00a0incluida en el listado de obras que optan por el premio Grand Prix de la Caraibe, otorgado por la Association des Ecrivains de la Cara\u00efbe. El portal de noticias\u00a0<a href=\"http:\/\/guadeloupe.coconews.com\/agenda-guadeloupe\/conferences\/congres-des-ecrivains-de-la-caraibe-2015.html\" target=\"_blank\">Coco News<\/a>\u00a0(Guadeloupe) publica una rese\u00f1a del evento.<\/li>\n<\/ul>\n<ul>\n<li><span style=\"text-decoration: underline;\">Junio 2014<\/span>: <a href=\"https:\/\/www.yahoo.com\/travel\/brains-meet-bikinis-island-hopping-for-book-nerds-89092054637.html\" target=\"_blank\">Yahoo Travel<\/a>\u00a0publica una breve entrevista al autor.<\/li>\n<\/ul>\n<ul>\n<li><span style=\"text-decoration: underline;\">Marzo 2014<\/span>: <em>The Night of the Rambler<\/em>\u00a0consigue la Menci\u00f3n del Premio Casa de las Am\u00e9ricas en la categor\u00eda de mejor libro caribe\u00f1o publicado en idioma ingl\u00e9s o creol. El premio obtuvo amplia cobertura medi\u00e1tica en castellano. En ingl\u00e9s, una rese\u00f1a fue publicada en el\u00a0<em><a href=\"http:\/\/www.bajanreporter.com\/2014\/03\/fear-of-a-black-nation-by-jamaicas-david-austin-wins-casa-award-for-caribbean-literature\/\" target=\"_blank\">Bajan Reporter<\/a>\u00a0<\/em>de Barbados. Este <a href=\"http:\/\/laventana.casa.cult.cu\/noticias\/2014\/01\/30\/premios-casa-2014\/\" target=\"_blank\">enlace <\/a>lleva a la nota de prensa de Casa de las Am\u00e9ricas.<\/li>\n<\/ul>\n<ul>\n<li><span style=\"text-decoration: underline;\">Diciembre 2013<\/span>: Jeffrey Lependorf, director ejecutivo del <a href=\"http:\/\/clmporg.tumblr.com\/post\/70598603667\/clmp-holiday-staff-picks\" target=\"_blank\">Council of Literary Magazines and Presses<\/a>,\u00a0incluye\u00a0<em>The Night of the Rambler<\/em>\u00a0entre sus recomendaciones para el per\u00edodo festivo<em>.<\/em><\/li>\n<\/ul>\n<ul>\n<li><span style=\"text-decoration: underline;\">Diciembre 2013<\/span>: <em>The Night of the Rambler <\/em>figura entre\u00a0los mejores 50 mejores libros del a\u00f1o, seg\u00fan\u00a0<span style=\"line-height: 1.5em;\"><a href=\"http:\/\/airshipdaily.com\/blog\/12102013-best-books-2013-gift-guide\" target=\"_blank\">The Airship Daily<\/a>\u00a0y Black Balloon Publishers<\/span><span style=\"line-height: 1.5em;\">.<\/span><\/li>\n<\/ul>\n<ul>\n<li><span style=\"text-decoration: underline;\">Diciembre 2013<\/span>: La revista\u00a0<a href=\"http:\/\/www.macocaribbean.com\/lifestyle\/people\/montague-kobbe-exploring-revolution-within-anguilla-and-beyond\/\" target=\"_blank\"><em>MACO<\/em> (<\/a>Trinidad) publica un perfil de autor en su versi\u00f3n digital.<\/li>\n<\/ul>\n<ul>\n<li><span style=\"text-decoration: underline;\">Noviembre\u00a02013<\/span>:\u00a0<em>The Night of the Rambler <\/em>aparece en la lista de recomendaciones para el per\u00edodo festivo preparada por\u00a0<a href=\"http:\/\/www.worldliteraturetoday.org\/2013\/november\/book-every-bibliophile\" target=\"_blank\">World Literature Today<\/a>.<\/li>\n<\/ul>\n<ul>\n<li><span style=\"text-decoration: underline;\">Octubre\u00a02013<\/span>: Travel Curious Often publica una rese\u00f1a de <em>The Night of the Rambler<\/em><span style=\"line-height: 1.5em;\">.<\/span><\/li>\n<\/ul>\n<ul>\n<li><span style=\"text-decoration: underline;\">Septiembre\u00a02013<\/span>:<span style=\"line-height: 1.5em;\">\u00a0<a href=\"http:\/\/www.biographile.com\/inspiration-and-lessons-learned-at-the-brooklyn-book-festival\/23910\/\" target=\"_blank\">Biographile<\/a>\u00a0hace menci\u00f3n de la presencia del autor<\/span><span style=\"line-height: 1.5em;\">\u00a0en el Festival del Libro de\u00a0Brooklyn.\u00a0<\/span><\/li>\n<\/ul>\n<ul>\n<li><span style=\"line-height: 1.5em;\"><span style=\"text-decoration: underline;\">Septiembre\u00a02013<\/span>: El diario de la isla de\u00a0San Mart\u00edn\u00a0<\/span><em>The Daily Herald\u00a0<\/em>rese<em>\u00f1a\u00a0<\/em>la presentaci\u00f3n\u00a0de\u00a0<em>The Night of the Rambler <\/em>en la librer\u00eda p\u00fablica de\u00a0Anguilla.<\/li>\n<\/ul>\n<ul>\n<li><span style=\"line-height: 1.5em;\"><span style=\"text-decoration: underline;\">Septiembre\u00a02013<\/span>: Entrevista y charla de dos horas con\u00a0<\/span>Timothy Hodge&#8217;s en la emisora radial anguile\u00f1a\u00a0Kool FM.<\/li>\n<\/ul>\n<ul>\n<li><span style=\"line-height: 1.5em;\"><span style=\"text-decoration: underline;\">Septiembre\u00a02013<\/span>: Aparici\u00f3n en el<\/span>\u00a0Mayor Show de la Kool FM, Anguilla.<\/li>\n<\/ul>\n<ul>\n<li><span style=\"line-height: 1.5em;\"><span style=\"text-decoration: underline;\">Septiembre\u00a02013<\/span>: Entrevista con\u00a0<\/span>Keith Stone Greaves en la emisora Radio Anguilla.<\/li>\n<\/ul>\n<ul>\n<li><span style=\"text-decoration: underline;\">Agosto 2013<\/span>:<span style=\"line-height: 1.5em;\">\u00a0<em>The Night of the Rambler <\/em>cuenta\u00a0entre los t\u00edtulos resaltados por\u00a0<a href=\"http:\/\/thenextbestbookblog.blogspot.co.uk\/2013\/08\/indie-book-buzz-akashic.html\" target=\"_blank\">The Next Best Book Club<\/a><\/span><span style=\"line-height: 1.5em;\">.<\/span><\/li>\n<\/ul>\n<ul>\n<li><span style=\"text-decoration: underline;\">April 2012<\/span>: El panel de la\u00a0XI National Black Writers Conference acerca de medios digitales es televisado por\u00a0<a href=\"https:\/\/www.c-span.org\/video\/?305646-1\/role-social-media-black-writers-take-literature-web\" target=\"_blank\">C-SPAN<\/a>.<\/li>\n<\/ul>\n<ul>\n<li><span style=\"text-decoration: underline;\">September 2011<\/span>: El diario <em><a href=\"http:\/\/montaguekobbe.com\/wp-content\/uploads\/2016\/09\/Memo-from-La-La-Land-media-coverage-WEEKender-September-13-2011.pdf\" target=\"_blank\">The Daily Herald<\/a>\u00a0<\/em>de\u00a0Sint Maarten incluye el blog\u00a0<a href=\"\/?page_id=86\" target=\"_blank\">MEMO FROM LA-LA LAND<\/a>\u00a0entre los\u00a0m\u00e1s relevantes de la regi\u00f3n.<\/li>\n<\/ul>\n","protected":false},"excerpt":{"rendered":"<p>Junio 2018: El n\u00famero 31 de la revista Florence Urban Lifestyle incluye un perfil de autor de media p\u00e1gina con una breve entrevista. Julio 2017: El tercer n\u00famero de la revista Latin American Literature Today incluye una rese\u00f1a positiva\u00a0de Raquel Rivas Rojas de\u00a0Crude Words\u00a0as\u00ed como tambi\u00e9n mi traducci\u00f3n al ingl\u00e9s del relato &#8220;Uno de muchos <a href=\"https:\/\/montaguekobbe.com\/index.php\/en-la-prensa\/?lang=es\" class=\"more-link\">[&hellip;]<\/a><\/p>\n","protected":false},"author":1,"featured_media":4194,"parent":0,"menu_order":3,"comment_status":"open","ping_status":"closed","template":"","meta":[],"_links":{"self":[{"href":"https:\/\/montaguekobbe.com\/index.php\/wp-json\/wp\/v2\/pages\/4191"}],"collection":[{"href":"https:\/\/montaguekobbe.com\/index.php\/wp-json\/wp\/v2\/pages"}],"about":[{"href":"https:\/\/montaguekobbe.com\/index.php\/wp-json\/wp\/v2\/types\/page"}],"author":[{"embeddable":true,"href":"https:\/\/montaguekobbe.com\/index.php\/wp-json\/wp\/v2\/users\/1"}],"replies":[{"embeddable":true,"href":"https:\/\/montaguekobbe.com\/index.php\/wp-json\/wp\/v2\/comments?post=4191"}],"version-history":[{"count":10,"href":"https:\/\/montaguekobbe.com\/index.php\/wp-json\/wp\/v2\/pages\/4191\/revisions"}],"predecessor-version":[{"id":5418,"href":"https:\/\/montaguekobbe.com\/index.php\/wp-json\/wp\/v2\/pages\/4191\/revisions\/5418"}],"wp:featuredmedia":[{"embeddable":true,"href":"https:\/\/montaguekobbe.com\/index.php\/wp-json\/wp\/v2\/media\/4194"}],"wp:attachment":[{"href":"https:\/\/montaguekobbe.com\/index.php\/wp-json\/wp\/v2\/media?parent=4191"}],"curies":[{"name":"wp","href":"https:\/\/api.w.org\/{rel}","templated":true}]}}