{"id":4199,"date":"2016-12-20T00:55:09","date_gmt":"2016-12-20T00:55:09","guid":{"rendered":"http:\/\/montaguekobbe.com\/?page_id=4199&#038;lang=es"},"modified":"2017-05-21T02:51:22","modified_gmt":"2017-05-21T02:51:22","slug":"critica","status":"publish","type":"page","link":"https:\/\/montaguekobbe.com\/index.php\/en-la-prensa\/critica\/?lang=es","title":{"rendered":"CR\u00cdTICA"},"content":{"rendered":"<p>Elogio para\u00a0<strong><em>On the Way Back<\/em><\/strong><em>:<\/em><\/p>\n<p>&nbsp;<\/p>\n<p>&#8220;Sin embargo, m\u00e1s all\u00e1 del cuidado necesario para suministrar su trama con los detalles relevantes en materia comercial, nos encontramos con la evidente capacidad de Kobb\u00e9 para reconocer las idiosincrasias y los entuertos humanos prevalentes en Anguilla, la cual le permite transmitir la tensi\u00f3n, el humor, las pasiones y los desamores propios de una historia de dos, y hasta m\u00e1s que dos, mundos&#8221;.<\/p>\n<p style=\"text-align: right;\"><strong>Hal Peat en la revista\u00a0<em>Potent<\/em><\/strong><\/p>\n<p style=\"text-align: right;\">\n<p>\u201cKobb\u00e9\u00a0nos ofrece lo mejor de su electrificante estilo al describir la intensidad y el atractivo quijotesco de este extravagante personaje venezolano\u00a0[Arturo Sarmiento]. La perfidia\u00a0de Caracas desarma inclusive al m\u00e1s valiente de los lectores. Y sin embargo el esp\u00edritu siniestro de la\u00a0ciudad tiene su encanto. Nuestros sentidos se ven convulsionados\u00a0ante\u00a0la b\u00fasqueda por\u00a0alg\u00fan tipo de significado\u00a0en aquel lugar que Sarmiento describe como un infierno&#8230;<br \/>\nCon p\u00e1rrafos y l\u00edneas que resaltan por su v\u00edvida originalidad, la calidad de Kobb\u00e9 como escritor no puede ponerse en duda&#8221;.<\/p>\n<p style=\"text-align: right;\"><strong>Glenville Ashby en\u00a0<em><a href=\"http:\/\/jamaica-gleaner.com\/article\/art-leisure\/20160918\/love-and-privilege-unravel-quiet-anguilla\" target=\"_blank\">The Jamaica Gleaner<\/a><\/em>\u00a0(en ingl\u00e9s)<\/strong><\/p>\n<p>&nbsp;<\/p>\n<p>Rese\u00f1a de\u00a0<em><strong>Historias de camas y aeropuertos<\/strong>:<\/em><\/p>\n<p>&nbsp;<\/p>\n<p>&#8220;Estos\u00a050 relatos biling\u00fces (en ingl\u00e9s y castellano)\u00a0llevan al lector de\u00a0paseo por las m\u00e1rgenes\u00a0de lo convencional [&#8230;] Estos interludios y miradas pasajeras capturan instant\u00e1neas de vidas que se entrecruzan brevemente, retratando la fragilidad de la conexi\u00f3n humana contempor\u00e1nea.&#8221;<\/p>\n<p style=\"text-align: right;\"><strong>Hal Peat en\u00a0<em><a href=\"http:\/\/issuu.com\/insightsinselair\/docs\/ins26_totaal_flipbook_150dpi\/45\" target=\"_blank\">Insights<\/a> <\/em>(la revista de vuelo de Insel Air, en ingl\u00e9s)<\/strong><\/p>\n<p>&nbsp;<\/p>\n<p>Elogio para\u00a0<strong><em>The Night of the Rambler<\/em><\/strong><em>:<\/em><\/p>\n<p>&nbsp;<\/p>\n<p style=\"text-align: left;\">&#8220;Con una gran dosis de humor y de humanidad, la novela articula los temas del hombre contra el hombre y el hombre contra la naturaleza a trav\u00e9s del poder de las relaciones humanas y la urgencia que cada personaje muestra en su af\u00e1n de libre determinaci\u00f3n.&#8221;<\/p>\n<p style=\"text-align: right;\"><strong>Terry Butcher en\u00a0<em><a href=\"http:\/\/montaguekobbe.com\/wp-content\/uploads\/2015\/06\/The-Caribbean-Writer.pdf\" target=\"_blank\">The Caribbean Writer <\/a><\/em>(Universidad de las Islas V\u00edrgenes Americanas, en ingl\u00e9s)<\/strong><\/p>\n<p>&nbsp;<\/p>\n<p style=\"text-align: left;\">&#8220;Intensa [&#8230;] jocosa y reflexiva. Al igual que la revoluci\u00f3n que narra, esta novela es cautivadora.&#8221;<\/p>\n<p style=\"text-align: right;\"><strong>Ben Kramer en\u00a0<em><a href=\"http:\/\/blogs.colum.edu\/review-lab\/2013\/12\/02\/educating-us-through-the-novel\/\" target=\"_blank\">The Review Lab<\/a>\u00a0<\/em>(Columbia College Chicago, en ingl\u00e9s)<\/strong><\/p>\n<p>&nbsp;<\/p>\n<p style=\"text-align: left;\">&#8220;Este es un libro acerca de las revoluciones y los desvalidos, acerca de una isla, peque\u00f1a y remota, que lucha por conseguir reconocimiento, oportunidades y justicia; es un relato cautivador acerca de un curioso episodio hist\u00f3rico, pero tambi\u00e9n es un\u00a0repaso\u00a0fundamental de lo que son las prioridades, las perspectivas y el derecho a vivir con dignidad, todos ellos temas que, al igual que la revoluci\u00f3n anguile\u00f1a de 1967, suelen ser ignorados con gran facilidad.&#8221;<\/p>\n<p style=\"text-align: right;\"><strong>Jethro Soutar en\u00a0<em><a href=\"http:\/\/www.theislandreview.com\/island-books-the-night-of-the-rambler\/\" target=\"_blank\">The Island Review<\/a>\u00a0<\/em>(en ingl\u00e9s)<\/strong><\/p>\n<p>&nbsp;<\/p>\n<p style=\"text-align: left;\">&#8220;[Los lectores] se ver\u00e1n premiados con un mejor entendimiento de los problemas pol\u00edticos y econ\u00f3micos propios de la regi\u00f3n.&#8221;<\/p>\n<p style=\"text-align: right;\"><strong>Waheed Rabbani en\u00a0<em><a href=\"http:\/\/historicalnovelsociety.org\/reviews\/the-night-of-the-rambler\/\" target=\"_blank\">Historical Novel Society<\/a>\u00a0<\/em>(en ingl\u00e9s)<\/strong><\/p>\n<p>&nbsp;<\/p>\n<p style=\"text-align: left;\">&#8220;Kobb\u00e9 crea instant\u00e1neas para ser analizadas con la misma frequencia con la que presenta la sequencia de acciones y reacciones que suele caracterizar al\u00a0g\u00e9nero de la novela [&#8230;] <em>The Night of the Rambler<\/em>\u00a0es el fruto de un autor de gran talento.&#8221;<\/p>\n<p style=\"text-align: right;\"><strong>Rita Celestine Carty en\u00a0<em><a href=\"http:\/\/montaguekobbe.com\/wp-content\/uploads\/2015\/06\/Anguilla-Life-Review.pdf\" target=\"_blank\">Anguilla Life<\/a>\u00a0<\/em>(en ingl\u00e9s)<\/strong><\/p>\n<p>&nbsp;<\/p>\n<p>&#8220;Sin importar qu\u00e9 tan inusual haya sido esta revoluci\u00f3n, ella constituye el preludio al eventual divorcio entre Anguilla y San Crist\u00f3bal y Nieves, que llev\u00f3 a que la anterior se convirtiera en un territorio brit\u00e1nico diferente; su curioso aspecto\u00a0risible podr\u00eda diversificar\u00a0un modulo electivo universitario acerca de las revoluciones con una contienda\u00a0tremendamente pac\u00edfica.&#8221;<\/p>\n<p style=\"text-align: right;\"><strong>Michael Caylo-Baradi en\u00a0<em><a href=\"http:\/\/www.newpages.com\/component\/k2\/item\/3641-the-night-of-the-rambler\" target=\"_blank\">New Pages<\/a>\u00a0<\/em>(en ingl\u00e9s)<\/strong><\/p>\n<p>&nbsp;<\/p>\n<p>&#8220;[Un]\u00a0magn\u00edfico relato de ficci\u00f3n en torno a ciertos eventos que nunca supe que hab\u00edan sucedido\u00a0[&#8230;] en buena medida lo mejor de esta novela se encuentra en el desarrollo que el autor le da a sus dos protagonistas, Alwyn Cooke y\u00a0Rude Thompson.&#8221;<\/p>\n<p style=\"text-align: right;\"><strong><a href=\"http:\/\/2010theyearinbooks.blogspot.co.uk\/2013\/08\/the-night-of-rambler-by-montague-kobbe.html\" target=\"_blank\">Nancy Oakes<\/a>\u00a0(en ingl\u00e9s)<\/strong><\/p>\n<p>&nbsp;<\/p>\n<p>&#8220;Coloridos desv\u00edos que ahondan\u00a0en la tradici\u00f3n local, como por ejemplo el m\u00edtico noviazgo entre un\u00a0millonario holand\u00e9s\u00a0y una hermosa lugare\u00f1a, ofrecen elegantes pinceladas que recuerdan\u00a0a Garc\u00eda M\u00e1rquez&#8230; [Los lectores] disfrutar\u00e1nla\u00a0poco conocida historia de como una naci\u00f3n desvalida exigi\u00f3 entrar\u00a0en el siglo XX.&#8221;<\/p>\n<p style=\"text-align: right;\"><em><strong><a href=\"http:\/\/www.publishersweekly.com\/978-1-61775-181-3\" target=\"_blank\">Publishers Weekly<\/a>\u00a0<\/strong><\/em><strong>(en ingl\u00e9s)<\/strong><\/p>\n","protected":false},"excerpt":{"rendered":"<p>Elogio para\u00a0On the Way Back: &nbsp; &#8220;Sin embargo, m\u00e1s all\u00e1 del cuidado necesario para suministrar su trama con los detalles relevantes en materia comercial, nos encontramos con la evidente capacidad de Kobb\u00e9 para reconocer las idiosincrasias y los entuertos humanos prevalentes en Anguilla, la cual le permite transmitir la tensi\u00f3n, el humor, las pasiones y <a href=\"https:\/\/montaguekobbe.com\/index.php\/en-la-prensa\/critica\/?lang=es\" class=\"more-link\">[&hellip;]<\/a><\/p>\n","protected":false},"author":1,"featured_media":3428,"parent":4191,"menu_order":0,"comment_status":"open","ping_status":"open","template":"","meta":[],"_links":{"self":[{"href":"https:\/\/montaguekobbe.com\/index.php\/wp-json\/wp\/v2\/pages\/4199"}],"collection":[{"href":"https:\/\/montaguekobbe.com\/index.php\/wp-json\/wp\/v2\/pages"}],"about":[{"href":"https:\/\/montaguekobbe.com\/index.php\/wp-json\/wp\/v2\/types\/page"}],"author":[{"embeddable":true,"href":"https:\/\/montaguekobbe.com\/index.php\/wp-json\/wp\/v2\/users\/1"}],"replies":[{"embeddable":true,"href":"https:\/\/montaguekobbe.com\/index.php\/wp-json\/wp\/v2\/comments?post=4199"}],"version-history":[{"count":6,"href":"https:\/\/montaguekobbe.com\/index.php\/wp-json\/wp\/v2\/pages\/4199\/revisions"}],"predecessor-version":[{"id":5132,"href":"https:\/\/montaguekobbe.com\/index.php\/wp-json\/wp\/v2\/pages\/4199\/revisions\/5132"}],"up":[{"embeddable":true,"href":"https:\/\/montaguekobbe.com\/index.php\/wp-json\/wp\/v2\/pages\/4191"}],"wp:featuredmedia":[{"embeddable":true,"href":"https:\/\/montaguekobbe.com\/index.php\/wp-json\/wp\/v2\/media\/3428"}],"wp:attachment":[{"href":"https:\/\/montaguekobbe.com\/index.php\/wp-json\/wp\/v2\/media?parent=4199"}],"curies":[{"name":"wp","href":"https:\/\/api.w.org\/{rel}","templated":true}]}}