{"id":4209,"date":"2016-12-17T14:27:29","date_gmt":"2016-12-17T14:27:29","guid":{"rendered":"http:\/\/montaguekobbe.com\/?page_id=4209&#038;lang=es"},"modified":"2022-05-10T20:42:23","modified_gmt":"2022-05-10T20:42:23","slug":"bio","status":"publish","type":"page","link":"https:\/\/montaguekobbe.com\/index.php\/bio\/?lang=es","title":{"rendered":"BIO"},"content":{"rendered":"<p><strong>Montague Kobb\u00e9<\/strong> es un\u00a0escritor ambilig\u00fce con nombre shakesperiano, nacido en Caracas, en un pa\u00eds que ya no existe, en un milenio que ya pas\u00f3.<\/p>\n<p>Su primera novela, <em>The Night of the Rambler <\/em>(Akashic: NYC, 2013), menci\u00f3n del Premio Casa de las Am\u00e9ricas 2014, narra los detalles de una revoluci\u00f3n en la remota isla de Anguilla. Su colecci\u00f3n biling\u00fce de micro relatos, <em>Historias de camas y aeropuertos <\/em>(DogHorn: UK, 2014), fue adaptada al teatro para el festival de escritores latinoamericanos que tuvo lugar en el Teatro Cervantes de Londres en 2017. Su m\u00e1s reciente novela, <em>On the Way Back\u00a0<\/em>(Akashic: NYC, 2016), es una c\u00f3mica aventura social, tambi\u00e9n ambientada en Anguilla.<\/p>\n<p>En calidad de co-editor y co-traductor coordin\u00f3 la publicaci\u00f3n de <em>Crude Words: Contemporary Writing from Venezuela\u00a0<\/em>(Ragpicker Press: Londres, 2016), la primera colecci\u00f3n de textos de autores venezolanos traducidos al ingl\u00e9s publicado en formato de libro. Como traductor ha publicado cerca de 20 t\u00edtulos con la editorial espa\u00f1ola de arte y fotograf\u00eda\u00a0La F\u00e1brica<em>.<\/em><\/p>\n<p>Entre 2008 y 2018 mantuvo una columna quincenal en el suplemento cultural del diario <em>The Daily Herald<\/em> de Sint Maarten. Sus art\u00edculos han aparecido adem\u00e1s en medios como <em>The New York Times<\/em>, el <em>TLS, el Nuevo Herald\u00a0<\/em>de Miami y\u00a0<em>Mercurio<\/em> de Chile, entre otros. Ha sido colaborador habitual del portal espa\u00f1ol <a href=\"http:\/\/www.fronterad.com\/?q=blog\/859\" target=\"_blank\" rel=\"noopener\">fronterad.com<\/a>, donde por tres a\u00f1os mantuvo junto con Adolfo Calero una bit\u00e1cora futbolera.<\/p>\n<p>Como parte de la asociaci\u00f3n cultural Puerto Libre, organiz\u00f3 en 2019 y 2020 el <a href=\"https:\/\/puertolibre.org\/festival\/attraversamenti-2019\/\" target=\"_blank\" rel=\"noopener\">festival de cultura latinoamericana de Florencia<\/a>, Italia,<\/p>\n<p>Desde siempre publica sus andanzas, por ocio o por principio, en el blog personal <a href=\"https:\/\/memofromlalaland.wordpress.com\/\" target=\"_blank\" rel=\"noopener\">MEMO FROM LA-LA LAND<\/a>, especie de \u00e1lbum de recortes polif\u00f3nico que sirve de registro para su periplo trashumante.\u00a0Enamorado del humo y los espejos, pasa sus d\u00edas ideando nuevas artima\u00f1as para encantando morenas y serpientes.<\/p>\n<p>\u00bfQuieres enviarme un mensaje? Escr\u00edbeme a\u00a0montycobbe [arroba] gmail [punto] com.<\/p>\n","protected":false},"excerpt":{"rendered":"<p>Montague Kobb\u00e9 es un\u00a0escritor ambilig\u00fce con nombre shakesperiano, nacido en Caracas, en un pa\u00eds que ya no existe, en un milenio que ya pas\u00f3. Su primera novela, The Night of the Rambler (Akashic: NYC, 2013), menci\u00f3n del Premio Casa de las Am\u00e9ricas 2014, narra los detalles de una revoluci\u00f3n en la remota isla de Anguilla. <a href=\"https:\/\/montaguekobbe.com\/index.php\/bio\/?lang=es\" class=\"more-link\">[&hellip;]<\/a><\/p>\n","protected":false},"author":1,"featured_media":3561,"parent":0,"menu_order":4,"comment_status":"open","ping_status":"closed","template":"","meta":[],"_links":{"self":[{"href":"https:\/\/montaguekobbe.com\/index.php\/wp-json\/wp\/v2\/pages\/4209"}],"collection":[{"href":"https:\/\/montaguekobbe.com\/index.php\/wp-json\/wp\/v2\/pages"}],"about":[{"href":"https:\/\/montaguekobbe.com\/index.php\/wp-json\/wp\/v2\/types\/page"}],"author":[{"embeddable":true,"href":"https:\/\/montaguekobbe.com\/index.php\/wp-json\/wp\/v2\/users\/1"}],"replies":[{"embeddable":true,"href":"https:\/\/montaguekobbe.com\/index.php\/wp-json\/wp\/v2\/comments?post=4209"}],"version-history":[{"count":11,"href":"https:\/\/montaguekobbe.com\/index.php\/wp-json\/wp\/v2\/pages\/4209\/revisions"}],"predecessor-version":[{"id":5797,"href":"https:\/\/montaguekobbe.com\/index.php\/wp-json\/wp\/v2\/pages\/4209\/revisions\/5797"}],"wp:featuredmedia":[{"embeddable":true,"href":"https:\/\/montaguekobbe.com\/index.php\/wp-json\/wp\/v2\/media\/3561"}],"wp:attachment":[{"href":"https:\/\/montaguekobbe.com\/index.php\/wp-json\/wp\/v2\/media?parent=4209"}],"curies":[{"name":"wp","href":"https:\/\/api.w.org\/{rel}","templated":true}]}}