{"id":4350,"date":"2016-12-15T01:54:19","date_gmt":"2016-12-15T01:54:19","guid":{"rendered":"http:\/\/montaguekobbe.com\/?page_id=4350&#038;lang=es"},"modified":"2016-12-15T02:21:05","modified_gmt":"2016-12-15T02:21:05","slug":"on-the-way-back","status":"publish","type":"page","link":"https:\/\/montaguekobbe.com\/index.php\/obra\/on-the-way-back\/?lang=es","title":{"rendered":"ON THE WAY BACK"},"content":{"rendered":"<p>Nathaniel Jones es un empresario\u00a0exitoso, entrado en una cierta edad, que disfruta de\u00a0sus dos semanas de vacaciones anuales\u00a0en la remota isla caribe\u00f1a de Anguilla. Durante su estad\u00eda, un encuentro fortuito con Sheila Rawlingson, una despampanante lugare\u00f1a, le da un vuelco inesperado a su vida. Tras un intenso y secreto noviazgo de cien d\u00edas, Nathaniel le propone matrimonio a Sheila, cuya decisi\u00f3n de tomar como esposo a aquel hombre, blanco y extranjero, desata\u00a0un torrente de indignaci\u00f3n en su familia y en el resto de la naci\u00f3n.<\/p>\n<p>Conciente de la importancia de un proyecto econ\u00f3mico\u00a0de peso en una sociedad como la de Anguilla, Nathaniel decide sentar ra\u00edcez en la isla, concibiendo al mismo tiempo un desafortunado plan de negocios para la empresa con la que pretende ganarse a la familia Rawlingson: una l\u00ednea a\u00e9rea\u00a0regional. Nathaniel hace llamar a su hijo, Dragon Jones (quien ha estado a cargo del negocio familiar durante la ausencia de su padre) para que viaje a Anguilla con el prop\u00f3sito de fundar Dragon Wings, la primera aerol\u00ednea comercial de la peque\u00f1a naci\u00f3n.<\/p>\n<figure id=\"attachment_3363\" aria-describedby=\"caption-attachment-3363\" style=\"width: 500px\" class=\"wp-caption aligncenter\"><a style=\"text-decoration: none;\" href=\"http:\/\/www.amazon.es\/Way-Back-Montague-Kobbe\/dp\/1617754412\/\" target=\"_blank\"><img loading=\"lazy\" class=\"alignleft size-large wp-image-4949\" src=\"http:\/\/montaguekobbe.com\/wp-content\/uploads\/2016\/12\/OnTheWayBack-FullCover_final_web-1-1024x757.jpg\" alt=\"OnTheWayBack-FullCover_final\" width=\"500\" height=\"370\" srcset=\"https:\/\/montaguekobbe.com\/wp-content\/uploads\/2016\/12\/OnTheWayBack-FullCover_final_web-1-1024x757.jpg 1024w, https:\/\/montaguekobbe.com\/wp-content\/uploads\/2016\/12\/OnTheWayBack-FullCover_final_web-1-300x222.jpg 300w, https:\/\/montaguekobbe.com\/wp-content\/uploads\/2016\/12\/OnTheWayBack-FullCover_final_web-1-768x568.jpg 768w, https:\/\/montaguekobbe.com\/wp-content\/uploads\/2016\/12\/OnTheWayBack-FullCover_final_web-1-600x444.jpg 600w, https:\/\/montaguekobbe.com\/wp-content\/uploads\/2016\/12\/OnTheWayBack-FullCover_final_web-1-1200x887.jpg 1200w, https:\/\/montaguekobbe.com\/wp-content\/uploads\/2016\/12\/OnTheWayBack-FullCover_final_web-1.jpg 1600w\" sizes=\"(max-width: 500px) 100vw, 500px\" \/><figcaption id=\"caption-attachment-3363\" class=\"wp-caption-text\"><span style=\"color: #ffffff;\">Compra este libro en Amazon <\/a><\/span><\/figcaption><\/figure>\n<p>Nathaniel, Dragon, y\u00a0Sheila, los tres socios de Dragon Wings, buscan el apoyo financiero necesario para sacar adelante el proyecto en la figura de Glenallen Rawlingson, el tio de Sheila. Pero la intenci\u00f3n de Glenallen es m\u00e1s bien asegurarse del fracaso de\u00a0los planes de Nathaniel. As\u00ed se desencadena una trama que no ver\u00e1 a\u00a0Glenallen descansar hasta conseguir expulsar a los dos Jones, padre e hijo, de su isla, la misma que en alg\u00fan momento ellos han pretendido hacer su hogar.<\/p>\n<p>Al final de su periplo Nathaniel y Dragon Jones acaban perdi\u00e9ndolo todo, o casi todo. Porque una cosa les queda: una experiencia \u00fanica e irrepetible\u00a0que altera su visi\u00f3n de mundo por completo\u00a0&#8211;y, despu\u00e9s de todo, qu\u00e9 m\u00e1s se puede pedir\u00a0en la vida.<\/p>\n<p>Esta divertida trama\u00a0social gira en torno a una desafortunda empresa comercial en la isla de Anguilla, compartiendo cierta similitud con\u00a0<em>La conjura de los necios<\/em> de John Kennedy Toole y\u00a0<em>Don\u2019t Stop the Carnival<\/em>\u00a0de Herman Wouk.<\/p>\n<p>&nbsp;<\/p>\n<p>&nbsp;<\/p>\n<p><em>On the Way Back<\/em> ha sido publicada en ingl\u00e9s por Akashic en 2016. Para acceder\u00a0<a href=\"\/?page_id=4030\">extractos<\/a>\u00a0y todo tipo de material adicional visita la versi\u00f3n inglesa de la p\u00e1gina o haz click <a href=\"\/?page_id=3362\">aqu\u00ed<\/a>.<\/p>\n","protected":false},"excerpt":{"rendered":"<p>Nathaniel Jones es un empresario\u00a0exitoso, entrado en una cierta edad, que disfruta de\u00a0sus dos semanas de vacaciones anuales\u00a0en la remota isla caribe\u00f1a de Anguilla. Durante su estad\u00eda, un encuentro fortuito con Sheila Rawlingson, una despampanante lugare\u00f1a, le da un vuelco inesperado a su vida. Tras un intenso y secreto noviazgo de cien d\u00edas, Nathaniel le <a href=\"https:\/\/montaguekobbe.com\/index.php\/obra\/on-the-way-back\/?lang=es\" class=\"more-link\">[&hellip;]<\/a><\/p>\n","protected":false},"author":1,"featured_media":4953,"parent":4132,"menu_order":1,"comment_status":"closed","ping_status":"closed","template":"","meta":[],"_links":{"self":[{"href":"https:\/\/montaguekobbe.com\/index.php\/wp-json\/wp\/v2\/pages\/4350"}],"collection":[{"href":"https:\/\/montaguekobbe.com\/index.php\/wp-json\/wp\/v2\/pages"}],"about":[{"href":"https:\/\/montaguekobbe.com\/index.php\/wp-json\/wp\/v2\/types\/page"}],"author":[{"embeddable":true,"href":"https:\/\/montaguekobbe.com\/index.php\/wp-json\/wp\/v2\/users\/1"}],"replies":[{"embeddable":true,"href":"https:\/\/montaguekobbe.com\/index.php\/wp-json\/wp\/v2\/comments?post=4350"}],"version-history":[{"count":5,"href":"https:\/\/montaguekobbe.com\/index.php\/wp-json\/wp\/v2\/pages\/4350\/revisions"}],"predecessor-version":[{"id":4961,"href":"https:\/\/montaguekobbe.com\/index.php\/wp-json\/wp\/v2\/pages\/4350\/revisions\/4961"}],"up":[{"embeddable":true,"href":"https:\/\/montaguekobbe.com\/index.php\/wp-json\/wp\/v2\/pages\/4132"}],"wp:featuredmedia":[{"embeddable":true,"href":"https:\/\/montaguekobbe.com\/index.php\/wp-json\/wp\/v2\/media\/4953"}],"wp:attachment":[{"href":"https:\/\/montaguekobbe.com\/index.php\/wp-json\/wp\/v2\/media?parent=4350"}],"curies":[{"name":"wp","href":"https:\/\/api.w.org\/{rel}","templated":true}]}}