{"id":4357,"date":"2016-12-19T15:31:01","date_gmt":"2016-12-19T15:31:01","guid":{"rendered":"http:\/\/montaguekobbe.com\/?page_id=4357&#038;lang=es"},"modified":"2016-12-19T15:33:48","modified_gmt":"2016-12-19T15:33:48","slug":"the-night-of-the-rambler","status":"publish","type":"page","link":"https:\/\/montaguekobbe.com\/index.php\/obra\/the-night-of-the-rambler\/?lang=es","title":{"rendered":"THE NIGHT OF THE RAMBLER"},"content":{"rendered":"<p>El 9 de junio de 1967 diecis\u00e9is hombres provenientes de la isla de Anguilla, un lugar olvidado de dios en el medio del Caribe, se embarcaron en una lancha de once metros llamada <em>Rambler<\/em>\u00a0para hacer la traves\u00eda nocturna que los llevar\u00eda a la vecina isla de San Crist\u00f3bal, donde mediante un golpe de estado pretend\u00edan instalar un nuevo gobierno que viese con ojos favorables sus ambiciones separatistas. Ambientada en la turbulenta d\u00e9cada de los sesenta,\u00a0<em>The Night of the Rambler<\/em>\u00a0narra la historia de un plan desquiciado y sin sentido implementado funestamente por una tropa de diletantes con poco entrenamiento y menos material b\u00e9lico\u00a0quienes apenas consiguen evitar una completa catastrofe por obra de la casualidad. Y sin embargo, de alguna manera el principal prop\u00f3sito de la misi\u00f3n, el afianzamiento de la lucha anguile\u00f1a por disociarse del reci\u00e9n creado estado de San Crist\u00f3bal-Nieves-Anguilla y por volver a las faldas del imperio brit\u00e1nico, se ve consolidado por este, acaso el m\u00e1s disparatado episodio en la historia de las revoluciones.<\/p>\n<figure id=\"attachment_661\" aria-describedby=\"caption-attachment-661\" style=\"width: 500px\" class=\"wp-caption aligncenter\"><a style=\"text-decoration: none;\" href=\"https:\/\/www.amazon.es\/gp\/product\/1617751812?*Version*=1&amp;*entries*=0\" target=\"_blank\"><img loading=\"lazy\" class=\"wp-image-661 size-post-thumbnail\" src=\"http:\/\/montaguekobbe.com\/wp-content\/uploads\/2013\/12\/NightoftheRambler_Cover-600x380.jpg\" alt=\"NightoftheRambler_Cover\" width=\"500\" height=\"317\" srcset=\"https:\/\/montaguekobbe.com\/wp-content\/uploads\/2013\/12\/NightoftheRambler_Cover-600x380.jpg 600w, https:\/\/montaguekobbe.com\/wp-content\/uploads\/2013\/12\/NightoftheRambler_Cover-300x190.jpg 300w, https:\/\/montaguekobbe.com\/wp-content\/uploads\/2013\/12\/NightoftheRambler_Cover.jpg 1000w\" sizes=\"(max-width: 500px) 100vw, 500px\" \/><figcaption id=\"caption-attachment-661\" class=\"wp-caption-text\"><span style=\"color: #ffffff;\">Compra este libro en Amazon <\/a><\/span><\/figcaption><\/figure>\n<p style=\"text-align: left;\">Basada libremente en los hechos de la revoluci\u00f3n anguile\u00f1a de 1967,\u00a0<em>The Night of the Rambler\u00a0<\/em>discurre durante las quince horas que separan el momento cuando los &#8220;rebeldes&#8221; abordan el barco que los ha de llevar a trav\u00e9s del estrecho hasta San Crist\u00f3bal y el amanecer del d\u00eda siguiente, cuando resulta evidente que la misi\u00f3n tendr\u00e1 que ser abortada sin cumplir su cometido. La novela rompe conscientemente\u00a0con el g\u00e9nero hist\u00f3rico, alterando deliberadamente la secuencia de los &#8220;hechos&#8221;, combinando episodios de ficci\u00f3n con an\u00e9cdotas m\u00e1s o menos cercanas\u00a0a la realidad y reemplazando a los protagonistas con personajes ficticios. A veces\u00a0profundamente dram\u00e1tico, otras veces poco menos que desternillante, el discurso de esta novela explora c\u00e1ndidamente un aspecto que a menudo se da por sentado: la honradez de las revoluciones.<\/p>\n<p style=\"text-align: left;\">Evocando\u00a0obras como <em>Los hijos de la medianoche\u00a0<\/em>de\u00a0Salman Rushdie, <em>La maravillosa vida breve de Oscar Wao<\/em>\u00a0de Junot D\u00edaz\u00a0y\u00a0<em>Conversaci\u00f3n en la catedral\u00a0<\/em>de\u00a0Mario Vargas Llosa,\u00a0<em>The Night of the Rambler\u00a0<\/em> aborda temas universales como la libertad y la autodeterminaci\u00f3n\u00a0con humor y con tacto, creando una realidad alternativa influenciada de cierta manera por la vida real pero que en \u00faltima instancia se ve regida por los preceptos de lo ins\u00f3lito.<\/p>\n<p>&nbsp;<\/p>\n<p>&nbsp;<\/p>\n<p><em>The Night of the Rambler<\/em>\u00a0fue\u00a0publicada en ingl\u00e9s por Akashic en 2013. Para acceder\u00a0<a href=\"\/?page_id=200\">extractos<\/a>\u00a0y todo tipo de material adicional visita la versi\u00f3n inglesa de la p\u00e1gina o haz click <a href=\"\/?page_id=183\">aqu\u00ed<\/a>.<\/p>\n","protected":false},"excerpt":{"rendered":"<p>El 9 de junio de 1967 diecis\u00e9is hombres provenientes de la isla de Anguilla, un lugar olvidado de dios en el medio del Caribe, se embarcaron en una lancha de once metros llamada Rambler\u00a0para hacer la traves\u00eda nocturna que los llevar\u00eda a la vecina isla de San Crist\u00f3bal, donde mediante un golpe de estado pretend\u00edan <a href=\"https:\/\/montaguekobbe.com\/index.php\/obra\/the-night-of-the-rambler\/?lang=es\" class=\"more-link\">[&hellip;]<\/a><\/p>\n","protected":false},"author":1,"featured_media":4384,"parent":4132,"menu_order":2,"comment_status":"open","ping_status":"closed","template":"","meta":[],"_links":{"self":[{"href":"https:\/\/montaguekobbe.com\/index.php\/wp-json\/wp\/v2\/pages\/4357"}],"collection":[{"href":"https:\/\/montaguekobbe.com\/index.php\/wp-json\/wp\/v2\/pages"}],"about":[{"href":"https:\/\/montaguekobbe.com\/index.php\/wp-json\/wp\/v2\/types\/page"}],"author":[{"embeddable":true,"href":"https:\/\/montaguekobbe.com\/index.php\/wp-json\/wp\/v2\/users\/1"}],"replies":[{"embeddable":true,"href":"https:\/\/montaguekobbe.com\/index.php\/wp-json\/wp\/v2\/comments?post=4357"}],"version-history":[{"count":10,"href":"https:\/\/montaguekobbe.com\/index.php\/wp-json\/wp\/v2\/pages\/4357\/revisions"}],"predecessor-version":[{"id":5083,"href":"https:\/\/montaguekobbe.com\/index.php\/wp-json\/wp\/v2\/pages\/4357\/revisions\/5083"}],"up":[{"embeddable":true,"href":"https:\/\/montaguekobbe.com\/index.php\/wp-json\/wp\/v2\/pages\/4132"}],"wp:featuredmedia":[{"embeddable":true,"href":"https:\/\/montaguekobbe.com\/index.php\/wp-json\/wp\/v2\/media\/4384"}],"wp:attachment":[{"href":"https:\/\/montaguekobbe.com\/index.php\/wp-json\/wp\/v2\/media?parent=4357"}],"curies":[{"name":"wp","href":"https:\/\/api.w.org\/{rel}","templated":true}]}}