{"id":4409,"date":"2016-12-19T03:20:39","date_gmt":"2016-12-19T03:20:39","guid":{"rendered":"http:\/\/montaguekobbe.com\/?page_id=4409&#038;lang=es"},"modified":"2017-05-31T13:23:46","modified_gmt":"2017-05-31T13:23:46","slug":"tema-3","status":"publish","type":"page","link":"https:\/\/montaguekobbe.com\/index.php\/obra\/historias-de-camas-y-aeropuertos\/lado-b\/tema-3\/?lang=es","title":{"rendered":"TEMA 3"},"content":{"rendered":"<h3 style=\"text-align: center;\"><strong><u>Respiraci\u00f3n<\/u><\/strong><\/h3>\n<p>&nbsp;<\/p>\n<p>El resplandor de la luna despuntando por encima del horizonte aporta el marco referencial necesario para poder medir la estabilidad de este vuelo.<\/p>\n<p>Imperceptibles variaciones de altura se hacen perceptibles cuando el ala derecha m\u00e1s all\u00e1 de la ventanilla empieza a oscilar levemente, con la sutileza de un cuerpo vivo, ocultando en parte la silueta de la luna con cada inhalaci\u00f3n solo para descubrirla con la exhalaci\u00f3n siguiente.<\/p>\n<p>De pronto resulta obvio por qu\u00e9 este objeto volador es tambi\u00e9n considerado una nave, y la vasta inmensidad de los aires adquiere viscosidad gracias a una simple met\u00e1fora. En medio del sigilo absoluto de esta noche tomo conciencia del movimiento m\u00e1s veloz que jam\u00e1s llegar\u00e9 a experimentar: 922 km\/h, y nada que pueda sugerir que en realidad nos estamos desplazando. Apenas el sereno bamboleo del ala entrando y saliendo de la silueta de la luna, y la trayectoria del torrente de mi propio pis, ligeramente descentrado, cayendo en todo momento al margen del blanco con un sesgo que pareciera desafiar las leyes de la f\u00edsica pero que al fin y al cabo no hace m\u00e1s que ilustrarlas.<\/p>\n<p>&nbsp;<\/p>\n<p>&nbsp;<\/p>\n<p>\u00bfQuieres seguir leyendo? Puedes pasar directamente al\u00a0<a href=\"\/?page_id=4418&amp;lang=es\">TEMA 1<\/a>, <a href=\"\/?page_id=4379&amp;lang=es\">TEMA 2<\/a>, o\u00a0<a href=\"\/?page_id=4414&amp;lang=es\">TEMA 4<\/a>, volver al <a href=\"\/?page_id=4157&amp;lang=es\">LADO B<\/a>, acceder otros\u00a0textos en la <a href=\"\/?page_id=4166&amp;lang=es\">PISTA<\/a>, o explorar algunas de las <a href=\"\/?page_id=4161&amp;lang=es\">PORTADAS<\/a>\u00a0preliminares del libro.<\/p>\n","protected":false},"excerpt":{"rendered":"<p>Respiraci\u00f3n &nbsp; El resplandor de la luna despuntando por encima del horizonte aporta el marco referencial necesario para poder medir la estabilidad de este vuelo. Imperceptibles variaciones de altura se hacen perceptibles cuando el ala derecha m\u00e1s all\u00e1 de la ventanilla empieza a oscilar levemente, con la sutileza de un cuerpo vivo, ocultando en parte <a href=\"https:\/\/montaguekobbe.com\/index.php\/obra\/historias-de-camas-y-aeropuertos\/lado-b\/tema-3\/?lang=es\" class=\"more-link\">[&hellip;]<\/a><\/p>\n","protected":false},"author":1,"featured_media":3973,"parent":4157,"menu_order":2,"comment_status":"closed","ping_status":"closed","template":"","meta":[],"_links":{"self":[{"href":"https:\/\/montaguekobbe.com\/index.php\/wp-json\/wp\/v2\/pages\/4409"}],"collection":[{"href":"https:\/\/montaguekobbe.com\/index.php\/wp-json\/wp\/v2\/pages"}],"about":[{"href":"https:\/\/montaguekobbe.com\/index.php\/wp-json\/wp\/v2\/types\/page"}],"author":[{"embeddable":true,"href":"https:\/\/montaguekobbe.com\/index.php\/wp-json\/wp\/v2\/users\/1"}],"replies":[{"embeddable":true,"href":"https:\/\/montaguekobbe.com\/index.php\/wp-json\/wp\/v2\/comments?post=4409"}],"version-history":[{"count":7,"href":"https:\/\/montaguekobbe.com\/index.php\/wp-json\/wp\/v2\/pages\/4409\/revisions"}],"predecessor-version":[{"id":5162,"href":"https:\/\/montaguekobbe.com\/index.php\/wp-json\/wp\/v2\/pages\/4409\/revisions\/5162"}],"up":[{"embeddable":true,"href":"https:\/\/montaguekobbe.com\/index.php\/wp-json\/wp\/v2\/pages\/4157"}],"wp:featuredmedia":[{"embeddable":true,"href":"https:\/\/montaguekobbe.com\/index.php\/wp-json\/wp\/v2\/media\/3973"}],"wp:attachment":[{"href":"https:\/\/montaguekobbe.com\/index.php\/wp-json\/wp\/v2\/media?parent=4409"}],"curies":[{"name":"wp","href":"https:\/\/api.w.org\/{rel}","templated":true}]}}