{"id":4414,"date":"2016-12-18T02:25:40","date_gmt":"2016-12-18T02:25:40","guid":{"rendered":"http:\/\/montaguekobbe.com\/?page_id=4414&#038;lang=es"},"modified":"2017-05-31T12:26:44","modified_gmt":"2017-05-31T12:26:44","slug":"tema-4","status":"publish","type":"page","link":"https:\/\/montaguekobbe.com\/index.php\/obra\/historias-de-camas-y-aeropuertos\/lado-b\/tema-4\/?lang=es","title":{"rendered":"TEMA 4"},"content":{"rendered":"<h3 style=\"text-align: center;\"><strong><span style=\"text-decoration: underline;\">L\u2019Esperance<\/span><\/strong><\/h3>\n<p>&nbsp;<\/p>\n<p>Tan pronto el ATR 42 despega de aquel peque\u00f1o aeropuerto regional \u2013suspendido de alguna manera en una c\u00e1psula atemporal de romance perpetuo\u2013 tus ojos acuosos comienzan a llenarse de l\u00e1grimas.<\/p>\n<p>&nbsp;<\/p>\n<p>&#8220;A ver, Guadalupe tampoco puede estar tan mal, \u00bfno?&#8221;<\/p>\n<p>&nbsp;<\/p>\n<p>Tu mirada se pierde por los cielos sin detenerse en punto alguno mientras el Mar Caribe se va convirtiendo en una masa de agua irreconocible, id\u00e9ntico al Egeo, el Adri\u00e1tico o acaso inclusive el Pac\u00edfico.<\/p>\n<p>&nbsp;<\/p>\n<p>&#8220;No te preocupes por los problemas que ya ellos se preocupar\u00e1n por ti&#8221;<\/p>\n<p>&nbsp;<\/p>\n<p>El l\u00edquido acumulado en tus lacrimales navega por tu aparato respiratorio, inunda tus fosas nasales, te obliga a tragarlo, baja por tu garganta, satura tus papilas gustativas y finalmente humedece el valle de tus ojeras.<\/p>\n<p>&nbsp;<\/p>\n<p>&#8220;Perdona, es solo que me parece que te vendr\u00eda bien una sonrisa.&#8221;<\/p>\n<p>&nbsp;<\/p>\n<p>Tus cascos son una fortaleza y de golpe mi concepci\u00f3n de la palabra aislamiento adquiere toda una nueva dimensi\u00f3n. Me da la impresi\u00f3n de que en estos momentos nada podr\u00eda importar menos que\u00a0el tipo de m\u00fasica que atiborra tus sentidos.<\/p>\n<p>&nbsp;<\/p>\n<p>&#8220;Pero Pointe-a-Pitre, \u00bfde verdad es as\u00ed de horrible?&#8221;<\/p>\n<p>&nbsp;<\/p>\n<p>El vuelo es especialmente corto en esta ocasi\u00f3n \u2013viento de cola, explica alguien\u2013. Tan pronto atravesamos la delgada capa de nubes diviso el contorno turquesa de los cayos alrededor de Terre Haute y caigo en cuenta de que nunca llegar\u00e9 a reunir el coraje suficiente para dirigirle una de estas l\u00edneas a la bella pla\u00f1idera sentada a mi lado.<\/p>\n<p>&nbsp;<\/p>\n<p>&nbsp;<\/p>\n<p>\u00bfQuieres seguir leyendo? Puedes pasar directamente al\u00a0<a href=\"\/?page_id=4418&amp;lang=es\">TEMA 1<\/a>,<a href=\"\/?page_id=4379&amp;lang=es\">TEMA 2<\/a>, o\u00a0<a href=\"\/?page_id=4409&amp;lang=es\">TEMA 3<\/a>, volver al <a href=\"\/?page_id=4157&amp;lang=es\">LADO B<\/a>, acceder otros\u00a0textos en la <a href=\"\/?page_id=4166&amp;lang=es\">PISTA<\/a>, o explorar algunas de las <a href=\"\/?page_id=4161&amp;lang=es\">PORTADAS<\/a>\u00a0preliminares del libro.<\/p>\n","protected":false},"excerpt":{"rendered":"<p>L\u2019Esperance &nbsp; Tan pronto el ATR 42 despega de aquel peque\u00f1o aeropuerto regional \u2013suspendido de alguna manera en una c\u00e1psula atemporal de romance perpetuo\u2013 tus ojos acuosos comienzan a llenarse de l\u00e1grimas. &nbsp; &#8220;A ver, Guadalupe tampoco puede estar tan mal, \u00bfno?&#8221; &nbsp; Tu mirada se pierde por los cielos sin detenerse en punto alguno <a href=\"https:\/\/montaguekobbe.com\/index.php\/obra\/historias-de-camas-y-aeropuertos\/lado-b\/tema-4\/?lang=es\" class=\"more-link\">[&hellip;]<\/a><\/p>\n","protected":false},"author":1,"featured_media":5028,"parent":4157,"menu_order":3,"comment_status":"closed","ping_status":"closed","template":"","meta":[],"_links":{"self":[{"href":"https:\/\/montaguekobbe.com\/index.php\/wp-json\/wp\/v2\/pages\/4414"}],"collection":[{"href":"https:\/\/montaguekobbe.com\/index.php\/wp-json\/wp\/v2\/pages"}],"about":[{"href":"https:\/\/montaguekobbe.com\/index.php\/wp-json\/wp\/v2\/types\/page"}],"author":[{"embeddable":true,"href":"https:\/\/montaguekobbe.com\/index.php\/wp-json\/wp\/v2\/users\/1"}],"replies":[{"embeddable":true,"href":"https:\/\/montaguekobbe.com\/index.php\/wp-json\/wp\/v2\/comments?post=4414"}],"version-history":[{"count":11,"href":"https:\/\/montaguekobbe.com\/index.php\/wp-json\/wp\/v2\/pages\/4414\/revisions"}],"predecessor-version":[{"id":5159,"href":"https:\/\/montaguekobbe.com\/index.php\/wp-json\/wp\/v2\/pages\/4414\/revisions\/5159"}],"up":[{"embeddable":true,"href":"https:\/\/montaguekobbe.com\/index.php\/wp-json\/wp\/v2\/pages\/4157"}],"wp:featuredmedia":[{"embeddable":true,"href":"https:\/\/montaguekobbe.com\/index.php\/wp-json\/wp\/v2\/media\/5028"}],"wp:attachment":[{"href":"https:\/\/montaguekobbe.com\/index.php\/wp-json\/wp\/v2\/media?parent=4414"}],"curies":[{"name":"wp","href":"https:\/\/api.w.org\/{rel}","templated":true}]}}