{"id":5179,"date":"2017-06-05T14:30:53","date_gmt":"2017-06-05T14:30:53","guid":{"rendered":"http:\/\/montaguekobbe.com\/?page_id=5179&#038;lang=es"},"modified":"2018-09-10T11:52:10","modified_gmt":"2018-09-10T11:52:10","slug":"teatro","status":"publish","type":"page","link":"https:\/\/montaguekobbe.com\/index.php\/obra\/historias-de-camas-y-aeropuertos\/teatro\/?lang=es","title":{"rendered":"TEATRO"},"content":{"rendered":"<p>La emoci\u00f3n humana, ese complejo y vol\u00e1til fen\u00f3meno, es el tema principal de <em><a href=\"\/?page_id=4139&#038;lang=es\" target=\"_blank\">Tales of Bed Sheets and Departure Lounges<\/a> <\/em>(<em>Historias de camas y aeropuertos<\/em>) de Montague Kobb\u00e9, una obra inusual articulada en torno a una secuencia de peque\u00f1os fragmentos que nos ofrecen una mirada al aspecto m\u00e1s personal de la vida cotidiana.<\/p>\n<p><img loading=\"lazy\" class=\"alignright wp-image-5234 \" src=\"http:\/\/montaguekobbe.com\/wp-content\/uploads\/2017\/06\/Tales-of-Bed-Sheets-and-Departure-Lounges-Flyer_5X7_lo_res-1-731x1024.jpg\" alt=\"\" width=\"340\" height=\"477\" srcset=\"https:\/\/montaguekobbe.com\/wp-content\/uploads\/2017\/06\/Tales-of-Bed-Sheets-and-Departure-Lounges-Flyer_5X7_lo_res-1-731x1024.jpg 731w, https:\/\/montaguekobbe.com\/wp-content\/uploads\/2017\/06\/Tales-of-Bed-Sheets-and-Departure-Lounges-Flyer_5X7_lo_res-1-214x300.jpg 214w, https:\/\/montaguekobbe.com\/wp-content\/uploads\/2017\/06\/Tales-of-Bed-Sheets-and-Departure-Lounges-Flyer_5X7_lo_res-1-768x1075.jpg 768w, https:\/\/montaguekobbe.com\/wp-content\/uploads\/2017\/06\/Tales-of-Bed-Sheets-and-Departure-Lounges-Flyer_5X7_lo_res-1-600x840.jpg 600w, https:\/\/montaguekobbe.com\/wp-content\/uploads\/2017\/06\/Tales-of-Bed-Sheets-and-Departure-Lounges-Flyer_5X7_lo_res-1.jpg 800w\" sizes=\"(max-width: 340px) 100vw, 340px\" \/>Un par de desconocidos coqueteando en un bar, un acosador en potencia siguiendo con sigilo los pasos de una posible v\u00edctima, pasajeros absortos en sus propios pensamientos en medio de un vuelo, momentos de excitaci\u00f3n pero tambi\u00e9n de profunda frustraci\u00f3n en la cama, estas historias dram\u00e1ticas hacen de mirilla para que los espectadores sean testigos de pasiones secretas que, aunque a puerta cerrada, todos compartimos.<\/p>\n<p><em>Tales of Bed Sheets and Departure Lounges<\/em>, dirigida por <strong>\u00c1lvaro Flores<\/strong>, forma parte del programa del festival de escritores contempor\u00e1neos latinoamericanos <strong>CLAW \u2013 Contemporary Latin American Writers<\/strong>, una iniciativa que pretende confrontar al p\u00fablico de Londres con el gran talento que caracteriza la creaci\u00f3n teatral en Latinoam\u00e9rica.<\/p>\n<p>Presentada por <strong><a href=\"http:\/\/nicknightmanagement.com\/\" target=\"_blank\">Nic Knight Management<\/a><\/strong>, la edici\u00f3n inaugural del festival CLAW tendr\u00e1 lugar entre el 3 y el 9 de julio de 2017 en el Teatro Cervantes de Southwark, Londres, el hogar de la Spanish Theatre Company y la primera vitrina dedicada exclusivamente a la producci\u00f3n dram\u00e1tica iberoamericana. El programa incluye presentaciones diarias de <em>Mona and I <\/em>(Mona y yo) de Rog\u00e9rio Corr\u00eaa y <em>Turmoil <\/em>(Confusi\u00f3n) de J\u00f4 Bilac, as\u00ed como <em>Tales of Bed Sheets and Departure Lounges<\/em>.<\/p>\n<p>&nbsp;<\/p>\n<p><iframe loading=\"lazy\" src=\"https:\/\/w.soundcloud.com\/player\/?url=https%3A\/\/api.soundcloud.com\/tracks\/347165321&amp;color=%23ff5500&amp;auto_play=true&amp;hide_related=false&amp;show_comments=true&amp;show_user=true&amp;show_reposts=false&amp;show_teaser=true&amp;visual=true\" width=\"100%\" height=\"130\" frameborder=\"no\" scrolling=\"no\"><\/iframe><\/p>\n<p>&nbsp;<\/p>\n<p>Accede la galer\u00eda de <a href=\"\/?page_id=4169&amp;lang=es\">FOTOS<\/a>\u00a0o revisa los <a href=\"\/?page_id=5357&amp;lang=es\">VIDEOS<\/a> de la presentaci\u00f3n inaugural de <em>Tales of Bed Sheets and Departure Lounges<\/em>.<\/p>\n","protected":false},"excerpt":{"rendered":"<p>La emoci\u00f3n humana, ese complejo y vol\u00e1til fen\u00f3meno, es el tema principal de Tales of Bed Sheets and Departure Lounges (Historias de camas y aeropuertos) de Montague Kobb\u00e9, una obra inusual articulada en torno a una secuencia de peque\u00f1os fragmentos que nos ofrecen una mirada al aspecto m\u00e1s personal de la vida cotidiana. Un par <a href=\"https:\/\/montaguekobbe.com\/index.php\/obra\/historias-de-camas-y-aeropuertos\/teatro\/?lang=es\" class=\"more-link\">[&hellip;]<\/a><\/p>\n","protected":false},"author":1,"featured_media":5205,"parent":4139,"menu_order":0,"comment_status":"closed","ping_status":"closed","template":"","meta":[],"_links":{"self":[{"href":"https:\/\/montaguekobbe.com\/index.php\/wp-json\/wp\/v2\/pages\/5179"}],"collection":[{"href":"https:\/\/montaguekobbe.com\/index.php\/wp-json\/wp\/v2\/pages"}],"about":[{"href":"https:\/\/montaguekobbe.com\/index.php\/wp-json\/wp\/v2\/types\/page"}],"author":[{"embeddable":true,"href":"https:\/\/montaguekobbe.com\/index.php\/wp-json\/wp\/v2\/users\/1"}],"replies":[{"embeddable":true,"href":"https:\/\/montaguekobbe.com\/index.php\/wp-json\/wp\/v2\/comments?post=5179"}],"version-history":[{"count":30,"href":"https:\/\/montaguekobbe.com\/index.php\/wp-json\/wp\/v2\/pages\/5179\/revisions"}],"predecessor-version":[{"id":5421,"href":"https:\/\/montaguekobbe.com\/index.php\/wp-json\/wp\/v2\/pages\/5179\/revisions\/5421"}],"up":[{"embeddable":true,"href":"https:\/\/montaguekobbe.com\/index.php\/wp-json\/wp\/v2\/pages\/4139"}],"wp:featuredmedia":[{"embeddable":true,"href":"https:\/\/montaguekobbe.com\/index.php\/wp-json\/wp\/v2\/media\/5205"}],"wp:attachment":[{"href":"https:\/\/montaguekobbe.com\/index.php\/wp-json\/wp\/v2\/media?parent=5179"}],"curies":[{"name":"wp","href":"https:\/\/api.w.org\/{rel}","templated":true}]}}